


{"id":1393,"date":"2024-12-28T15:29:58","date_gmt":"2024-12-28T21:29:58","guid":{"rendered":"https:\/\/antilossgps.com\/?post_type=product&#038;p=1393"},"modified":"2025-04-08T17:05:32","modified_gmt":"2025-04-08T23:05:32","slug":"gps-impermeable","status":"publish","type":"product","link":"https:\/\/antilossgps.com\/index.php\/product\/gps-impermeable\/","title":{"rendered":"GPS IMPERMEABLE"},"content":{"rendered":"<p>TK303F<br \/>\nEs un rastreador GPS para todo tipo de Veh\u00edculos. Con este dispositivo podr\u00e1s apagar el auto desde cualquier parte v\u00eda SMS o por medio de la plataforma, cuenta con micr\u00f3fono y bot\u00f3n de p\u00e1nico para mandar una alerta a la plataforma y avisar que el chofer se encuentra en peligro.<\/p>\n<p>Cuenta con bater\u00eda de respaldo para que en caso de que desconecten la toma de corriente el Rastreador GPS podr\u00e1 seguir funcionando por 6 horas.<\/p>\n<p>Es ideal para seguimiento en tiempo real actualizando su posici\u00f3n cada 10 segundos. Permite visualizar el historial completo de recorrido, programar alertas (encendido del veh\u00edculo, apagado, exceso de velocidad, geocercas y m\u00e1s).<\/p>\n","protected":false},"excerpt":{"rendered":"<p>Es un rastreador GPS para todo tipo de Veh\u00edculos. Con este dispositivo podr\u00e1s apagar el auto desde cualquier parte v\u00eda SMS o por medio de la plataforma, cuenta con micr\u00f3fono y bot\u00f3n de p\u00e1nico para mandar una alerta a la plataforma y avisar que el chofer se encuentra en peligro.<\/p>\n","protected":false},"featured_media":1394,"comment_status":"open","ping_status":"closed","template":"","meta":[],"product_brand":[],"product_cat":[30,31],"product_tag":[],"class_list":{"0":"post-1393","1":"product","2":"type-product","3":"status-publish","4":"has-post-thumbnail","6":"product_cat-uncategorised","7":"product_cat-rastreadores","9":"first","10":"instock","11":"sale","12":"featured","13":"shipping-taxable","14":"purchasable","15":"product-type-simple"},"_links":{"self":[{"href":"https:\/\/antilossgps.com\/index.php\/wp-json\/wp\/v2\/product\/1393","targetHints":{"allow":["GET"]}}],"collection":[{"href":"https:\/\/antilossgps.com\/index.php\/wp-json\/wp\/v2\/product"}],"about":[{"href":"https:\/\/antilossgps.com\/index.php\/wp-json\/wp\/v2\/types\/product"}],"replies":[{"embeddable":true,"href":"https:\/\/antilossgps.com\/index.php\/wp-json\/wp\/v2\/comments?post=1393"}],"wp:featuredmedia":[{"embeddable":true,"href":"https:\/\/antilossgps.com\/index.php\/wp-json\/wp\/v2\/media\/1394"}],"wp:attachment":[{"href":"https:\/\/antilossgps.com\/index.php\/wp-json\/wp\/v2\/media?parent=1393"}],"wp:term":[{"taxonomy":"product_brand","embeddable":true,"href":"https:\/\/antilossgps.com\/index.php\/wp-json\/wp\/v2\/product_brand?post=1393"},{"taxonomy":"product_cat","embeddable":true,"href":"https:\/\/antilossgps.com\/index.php\/wp-json\/wp\/v2\/product_cat?post=1393"},{"taxonomy":"product_tag","embeddable":true,"href":"https:\/\/antilossgps.com\/index.php\/wp-json\/wp\/v2\/product_tag?post=1393"}],"curies":[{"name":"wp","href":"https:\/\/api.w.org\/{rel}","templated":true}]}}